{"id":78,"date":"2020-12-01T09:08:41","date_gmt":"2020-12-01T08:08:41","guid":{"rendered":"http:\/\/192.168.0.105\/wordpress\/?page_id=78"},"modified":"2025-04-13T10:12:40","modified_gmt":"2025-04-13T08:12:40","slug":"accueil","status":"publish","type":"page","link":"https:\/\/domo.rem81.com\/","title":{"rendered":"Accueil"},"content":{"rendered":"\n<p>Blog personnel destin\u00e9 \u00e0 partager mon exp\u00e9rience et mes connaissances dans diff\u00e9rents domaines technologiques comme la domotique et ses p\u00e9riph\u00e9riques, CNC, imprimante 3D, la m\u00e9t\u00e9orologie&#8230;<\/p>\n\n\n\n<h2 class=\"wp-block-heading\">Home Assistant<\/h2>\n\n\n\n<p>Home Assistant est une plateforme open-source de domotique qui vous permet de contr\u00f4ler et d&rsquo;automatiser tous les aspects de votre maison. Avec Home Assistant, vous pouvez cr\u00e9er des sc\u00e9narios complexes en utilisant des r\u00e8gles, des d\u00e9clencheurs et des actions, pour contr\u00f4ler des \u00e9quipements vari\u00e9s tels que des lumi\u00e8res, des thermostats, des cam\u00e9ras de s\u00e9curit\u00e9, des capteurs, des appareils multim\u00e9dia et bien plus encore.<\/p>\n\n\n\n<p>La plateforme est enti\u00e8rement personnalisable et extensible gr\u00e2ce \u00e0 un large \u00e9ventail d&rsquo;int\u00e9grations et de modules compl\u00e9mentaires. Vous pouvez int\u00e9grer de nombreux protocoles de communication tels que Zigbee, Z-Wave, Bluetooth, Wi-Fi, MQTT et bien d&rsquo;autres encore.<\/p>\n\n\n\n<p>Home Assistant peut \u00e9galement s&rsquo;int\u00e9grer \u00e0 des plateformes tierces telles que Google Assistant, Amazon Alexa, Apple HomeKit, IFTTT, Philips Hue, Sonos et bien d&rsquo;autres. Cela vous permet de cr\u00e9er des interactions avanc\u00e9es entre les diff\u00e9rentes plateformes et d&rsquo;\u00e9tendre les capacit\u00e9s de votre maison connect\u00e9e.<\/p>\n\n\n\n<p>En outre, Home Assistant offre une interface utilisateur intuitive et personnalisable appel\u00e9e Lovelace, qui vous permet de cr\u00e9er des tableaux de bord pour visualiser et contr\u00f4ler vos \u00e9quipements domestiques. Vous pouvez ajouter des cartes pour surveiller l&rsquo;\u00e9tat de vos \u00e9quipements, d\u00e9clencher des actions, afficher des graphiques et des images, et bien plus encore.<\/p>\n\n\n\n<p>En r\u00e9sum\u00e9, Home Assistant est une plateforme de domotique flexible, personnalisable et \u00e9volutive qui offre des fonctionnalit\u00e9s avanc\u00e9es pour contr\u00f4ler et automatiser votre maison de mani\u00e8re simple et efficace.<\/p>\n\n\n\n<h2 class=\"wp-block-heading\">Mes articles r\u00e9cents<\/h2>\n\n\n<ul class=\"wp-block-latest-posts__list has-dates wp-block-latest-posts\"><li><a class=\"wp-block-latest-posts__post-title\" href=\"https:\/\/domo.rem81.com\/index.php\/2026\/05\/08\/se-connecter-en-ssh-a-une-machine-distante-depuis-un-pc-linux\/\">Se connecter en SSH \u00e0 une machine distante depuis un PC Linux<\/a><time datetime=\"2026-05-08T08:34:12+02:00\" class=\"wp-block-latest-posts__post-date\">8 mai 2026<\/time><div class=\"wp-block-latest-posts__post-excerpt\">Intro: Dans un environnement domotique ou serveur maison, on passe tr\u00e8s souvent par la console pour administrer ses machines : Home Assistant, Proxmox, TrueNAS, LXC, mini-PC, NAS, Raspberry Pi, etc. &hellip; <\/div><\/li>\n<li><a class=\"wp-block-latest-posts__post-title\" href=\"https:\/\/domo.rem81.com\/index.php\/2026\/04\/08\/sauvegarder-automatiquement-sa-configuration-home-assistant-sur-github\/\">Sauvegarder automatiquement sa configuration Home Assistant sur GitHub<\/a><time datetime=\"2026-04-08T08:58:00+02:00\" class=\"wp-block-latest-posts__post-date\">8 avril 2026<\/time><div class=\"wp-block-latest-posts__post-excerpt\">Intro: Dans cet article, je vous guide pas \u00e0 pas pour mettre en place une sauvegarde automatique de votre configuration Home Assistant vers un d\u00e9p\u00f4t GitHub. L\u2019objectif est simple : &hellip; <\/div><\/li>\n<li><a class=\"wp-block-latest-posts__post-title\" href=\"https:\/\/domo.rem81.com\/index.php\/2026\/03\/24\/home-assistant-automatisation-generale-des-volets-rts-v2-avec-detection-jour-nuit\/\">Home Assistant : Automatisation g\u00e9n\u00e9rale des volets RTS V2026<\/a><time datetime=\"2026-03-24T08:37:07+01:00\" class=\"wp-block-latest-posts__post-date\">24 mars 2026<\/time><div class=\"wp-block-latest-posts__post-excerpt\">Intro Dans cette V2026, j\u2019ai revu mon automatisation g\u00e9n\u00e9rale des volets RTS sous Home Assistant afin de simplifier la gestion du passage jour\/nuit. L\u2019objectif \u00e9tait clair : Le r\u00e9sultat est &hellip; <\/div><\/li>\n<li><a class=\"wp-block-latest-posts__post-title\" href=\"https:\/\/domo.rem81.com\/index.php\/2026\/03\/14\/linux-montage-nfs\/\">Acc\u00e9der aux datasets TrueNAS depuis un PC Linux via NFSLinux-Montage NFS<\/a><time datetime=\"2026-03-14T08:32:55+01:00\" class=\"wp-block-latest-posts__post-date\">14 mars 2026<\/time><div class=\"wp-block-latest-posts__post-excerpt\">Introduction Dans cet article, je vous montre comment acc\u00e9der aux datasets de mon serveur TrueNAS depuis un PC Linux en utilisant le protocole NFS. L\u2019objectif est de monter proprement plusieurs &hellip; <\/div><\/li>\n<li><a class=\"wp-block-latest-posts__post-title\" href=\"https:\/\/domo.rem81.com\/index.php\/2026\/01\/12\/ha-monitoring-de-ma-pac-daikin-altherma-avec-esphome-esphome-altherma-alternative-a-espaltherma\/\">HA \u2013 Monitoring de ma PAC Daikin Altherma avec ESPHome (esphome-altherma) : alternative \u00e0 ESPAltherma<\/a><time datetime=\"2026-01-12T18:45:56+01:00\" class=\"wp-block-latest-posts__post-date\">12 janvier 2026<\/time><div class=\"wp-block-latest-posts__post-excerpt\">Intro Comme pour mon article pr\u00e9c\u00e9dent bas\u00e9 sur ESPAltherma, mon objectif reste le m\u00eame : remonter un maximum d\u2019informations de ma PAC Daikin Altherma dans Home Assistant, sans cloud, avec &hellip; <\/div><\/li>\n<\/ul>","protected":false},"excerpt":{"rendered":"<p>Blog personnel destin\u00e9 \u00e0 partager mon exp\u00e9rience et mes connaissances dans diff\u00e9rents domaines technologiques comme la domotique et ses p\u00e9riph\u00e9riques, CNC, imprimante 3D, la m\u00e9t\u00e9orologie&#8230; Home Assistant Home Assistant est &hellip; <\/p>\n","protected":false},"author":1,"featured_media":0,"parent":0,"menu_order":0,"comment_status":"closed","ping_status":"closed","template":"","meta":{"footnotes":""},"class_list":["post-78","page","type-page","status-publish","hentry"],"_links":{"self":[{"href":"https:\/\/domo.rem81.com\/index.php\/wp-json\/wp\/v2\/pages\/78","targetHints":{"allow":["GET"]}}],"collection":[{"href":"https:\/\/domo.rem81.com\/index.php\/wp-json\/wp\/v2\/pages"}],"about":[{"href":"https:\/\/domo.rem81.com\/index.php\/wp-json\/wp\/v2\/types\/page"}],"author":[{"embeddable":true,"href":"https:\/\/domo.rem81.com\/index.php\/wp-json\/wp\/v2\/users\/1"}],"replies":[{"embeddable":true,"href":"https:\/\/domo.rem81.com\/index.php\/wp-json\/wp\/v2\/comments?post=78"}],"version-history":[{"count":2,"href":"https:\/\/domo.rem81.com\/index.php\/wp-json\/wp\/v2\/pages\/78\/revisions"}],"predecessor-version":[{"id":3838,"href":"https:\/\/domo.rem81.com\/index.php\/wp-json\/wp\/v2\/pages\/78\/revisions\/3838"}],"wp:attachment":[{"href":"https:\/\/domo.rem81.com\/index.php\/wp-json\/wp\/v2\/media?parent=78"}],"curies":[{"name":"wp","href":"https:\/\/api.w.org\/{rel}","templated":true}]}}